{"id":3,"date":"2026-01-14T13:12:44","date_gmt":"2026-01-14T13:12:44","guid":{"rendered":"https:\/\/cogita.ai\/?page_id=3"},"modified":"2026-02-26T15:57:50","modified_gmt":"2026-02-26T14:57:50","slug":"privacy-policy","status":"publish","type":"page","link":"https:\/\/cogita.ai\/pl\/privacy-policy\/","title":{"rendered":"Polityka prywatno\u015bci"},"content":{"rendered":"<h3 class=\"wp-block-heading\">1. Wprowadzenie<\/h3>\n\n\n\n<p>Dzia\u0142aj\u0105c pod firm\u0105 COGITA Sp. z o.o., z siedzib\u0105 przy ul. \u0141\u0105kowej 4, 42-282 Widz\u00f3w, NIP 9492257381, zapewniamy w\u0142a\u015bciwe post\u0119powanie z Twoimi danymi osobowymi. Naszym celem jest odpowiednie informowanie Ci\u0119 o sprawach zwi\u0105zanych z przetwarzaniem danych osobowych, w szczeg\u00f3lno\u015bci o przepisach dotycz\u0105cych ochrony danych osobowych, w tym o Rozporz\u0105dzeniu Parlamentu Europejskiego i Rady (UE) 2016\/679 z dnia 27 kwietnia 2016 r. w sprawie ochrony os\u00f3b fizycznych w zwi\u0105zku z przetwarzaniem danych osobowych i w sprawie swobodnego przep\u0142ywu takich danych oraz uchylenia dyrektywy 95\/46\/WE (dalej \"RODO\"). W niniejszej Polityce prywatno\u015bci informujemy o podstawach prawnych przetwarzania danych osobowych, sposobach ich gromadzenia i wykorzystywania, a tak\u017ce o zwi\u0105zanych z tym prawach.<\/p>\n\n\n\n<p>Niniejsza Polityka Prywatno\u015bci spe\u0142nia r\u00f3wnie\u017c wymogi okre\u015blone w ustawie z dnia 15 wrze\u015bnia 2017 r. Prawo telekomunikacyjne, dotycz\u0105ce stosowania plik\u00f3w cookies. Jako w\u0142a\u015bciciel serwisu cogita.ai jeste\u015bmy zobowi\u0105zani do informowania o plikach cookies wykorzystywanych przez serwis.<\/p>\n\n\n\n<h3 class=\"wp-block-heading\">2. Dane osobowe<\/h3>\n\n\n\n<p><strong>2.1. Kiedy niniejsza Polityka prywatno\u015bci ma zastosowanie?<\/strong><\/p>\n\n\n\n<p>Polityka prywatno\u015bci ma zastosowanie do wszystkich przypadk\u00f3w, w kt\u00f3rych przetwarzamy dane osobowe u\u017cytkownika. Dotyczy to zar\u00f3wno przypadk\u00f3w, w kt\u00f3rych przetwarzamy dane osobowe uzyskane bezpo\u015brednio od u\u017cytkownika, jak i przypadk\u00f3w, w kt\u00f3rych dane osobowe u\u017cytkownika s\u0105 uzyskiwane z innych \u017ar\u00f3de\u0142.<\/p>\n\n\n\n<p><strong>2.2. W jaki spos\u00f3b, na jakiej podstawie prawnej i jakiego rodzaju dane osobowe przetwarzamy?<\/strong><\/p>\n\n\n\n<p>Zachowujemy przejrzysto\u015b\u0107 w zakresie metod i podstaw prawnych przetwarzania danych osobowych, a tak\u017ce cel\u00f3w, dla kt\u00f3rych przetwarzamy dane osobowe. Zapewniamy, \u017ce niezb\u0119dne informacje w tym zakresie s\u0105 ka\u017cdorazowo przekazywane. W celu jak najbardziej przejrzystego wyja\u015bnienia tych kwestii przedstawiamy poni\u017csz\u0105 list\u0119 operacji przetwarzania danych osobowych zwi\u0105zanych z prowadzon\u0105 stron\u0105 internetow\u0105.<\/p>\n\n\n\n<p>Jednocze\u015bnie zwracamy uwag\u0119, \u017ce zawsze, gdy przetwarzamy dane osobowe w oparciu o uzasadniony interes (art. 6 ust. 1 lit. f RODO), staramy si\u0119 analizowa\u0107 i r\u00f3wnowa\u017cy\u0107 nasz interes z potencjalnym wp\u0142ywem na dane u\u017cytkownika (zar\u00f3wno pozytywnym, jak i negatywnym) oraz jego prawami wynikaj\u0105cymi z przepis\u00f3w o ochronie danych.<\/p>\n\n\n\n<p><strong>A. Przetwarzanie danych osobowych os\u00f3b odwiedzaj\u0105cych stron\u0119 internetow\u0105<\/strong><\/p>\n\n\n\n<p>W zwi\u0105zku z korzystaniem ze strony internetowej przetwarzamy nast\u0119puj\u0105ce dane przesy\u0142ane przez przegl\u0105dark\u0119 u\u017cytkownika do serwera: adres IP, data i godzina rozpocz\u0119cia sesji, informacje o strefie czasowej, informacje o stronie \u017ar\u00f3d\u0142owej, status dost\u0119pu\/kod dost\u0119pu HTTP, adres strony, z kt\u00f3rej dokonano wej\u015bcia, typ przegl\u0105darki, system operacyjny i jego interfejs, j\u0119zyk, wersja oprogramowania przegl\u0105darki.<\/p>\n\n\n\n<p>Przetwarzanie tych danych jest niezb\u0119dne do prawid\u0142owego funkcjonowania oraz zapewnienia stabilno\u015bci i bezpiecze\u0144stwa strony internetowej. Podstaw\u0105 przetwarzania danych jest art. 6 ust. 1 lit. f) RODO.<\/p>\n\n\n\n<p><strong>B. Przetwarzanie danych osobowych w formularzu kontaktowym<\/strong><\/p>\n\n\n\n<p>W zak\u0142adce \"kontakt\" na stronie internetowej mo\u017cna znale\u017a\u0107 formularz kontaktowy umo\u017cliwiaj\u0105cy przes\u0142anie zapytania.<\/p>\n\n\n\n<p>Formularz kontaktowy zbiera nast\u0119puj\u0105ce dane: adres e-mail. Opcjonalnie, w ramach tre\u015bci pytania, mo\u017cesz poda\u0107 inne dane osobowe, kt\u00f3rych podanie jest dobrowolne i zgodne z Twoj\u0105 wol\u0105. Podanie ww. danych (poza tre\u015bci\u0105 pytania) jest niezb\u0119dne do udzielenia odpowiedzi na zadane pytanie.<\/p>\n\n\n\n<p>Dane osobowe przetwarzane s\u0105 na podstawie Twojej zgody wyra\u017conej poprzez wpisanie danych w formularzu i przes\u0142anie ich do nas, tj. na podstawie art. 6 ust. 1 lit. a RODO. Wyra\u017cenie zgody jest dobrowolne.<\/p>\n\n\n\n<p>Pe\u0142ny zakres praw i obowi\u0105zk\u00f3w u\u017cytkownika zwi\u0105zanych z przetwarzaniem danych osobowych (zgodnie z art. 13 RODO) zosta\u0142 zawarty w klauzuli informacyjnej w punkcie 2.5. polityki prywatno\u015bci.<\/p>\n\n\n\n<p><strong>C. Przetwarzanie danych osobowych w ramach newslettera<\/strong><\/p>\n\n\n\n<p>Zapisuj\u0105c si\u0119 do newslettera, przekazujesz nam swoje dane, w postaci adresu e-mail, za po\u015brednictwem formularza zapisu do newslettera. Podanie danych jest dobrowolne, ale niezb\u0119dne do subskrypcji newslettera. Podstaw\u0105 prawn\u0105 przetwarzania danych osobowych jest art. 6 ust. 1 lit. a RODO.<br>U\u017cytkownik mo\u017ce wycofa\u0107 swoj\u0105 zgod\u0119 w dowolnym momencie.<\/p>\n\n\n\n<p>Pe\u0142ny zakres praw i obowi\u0105zk\u00f3w u\u017cytkownika zwi\u0105zanych z przetwarzaniem danych osobowych (zgodnie z art. 13 RODO) zosta\u0142 zawarty w klauzuli informacyjnej w punkcie 2.5. polityki prywatno\u015bci.<\/p>\n\n\n\n<p><strong>D. Przetwarzanie danych osobowych w ramach Google Analytics<\/strong><\/p>\n\n\n\n<p>Niniejsza strona internetowa korzysta z Google Analytics, us\u0142ugi analizy ogl\u0105dalno\u015bci stron internetowych udost\u0119pnianej przez Google Inc (1600 Amphitheatre Parkway, Mountain View, CA 94043, USA). Google Analytics wykorzystuje pliki cookie przechowywane na komputerze u\u017cytkownika w celu analizy korzystania z witryny. Informacje generowane przez pliki cookie na temat korzystania z witryny s\u0105 zazwyczaj przesy\u0142ane na serwer Google w USA i tam przechowywane. W imieniu operatora tej witryny Google wykorzysta te informacje do oceny korzystania z witryny, tworzenia raport\u00f3w dotycz\u0105cych aktywno\u015bci na stronie oraz \u015bwiadczenia innych us\u0142ug zwi\u0105zanych z aktywno\u015bci\u0105 na stronie i korzystaniem z Internetu na rzecz operatora witryny.<\/p>\n\n\n\n<p>Adres IP przes\u0142any przez Google Analytics nie zostanie powi\u0105zany przez Google z innymi danymi. U\u017cywamy tego narz\u0119dzia do analizy i regularnego ulepszania korzystania ze strony internetowej.<\/p>\n\n\n\n<p>U\u017cytkownik mo\u017ce zapobiec przechowywaniu plik\u00f3w cookie, odpowiednio dostosowuj\u0105c oprogramowanie przegl\u0105darki lub korzystaj\u0105c z odpowiednich wtyczek do przegl\u0105darki.<\/p>\n\n\n\n<p>Podstaw\u0105 prawn\u0105 przetwarzania danych osobowych jest art. 6 ust. 1 lit. f) RODO.<\/p>\n\n\n\n<p>Pe\u0142ny zakres praw i obowi\u0105zk\u00f3w u\u017cytkownika zwi\u0105zanych z przetwarzaniem danych osobowych (zgodnie z art. 13 RODO) zosta\u0142 zawarty w klauzuli informacyjnej w punkcie 2.5. polityki prywatno\u015bci.<\/p>\n\n\n\n<p><strong>E. Przetwarzanie danych osobowych w ramach Meta Pixel<\/strong><\/p>\n\n\n\n<p>Administrator korzysta z funkcji Meta Pixel (https:\/\/www.facebook.com\/business\/help\/742478679120153?id=1205376682832142). Technologia ta pozwala Meta (Meta Inc. z siedzib\u0105 w USA) wiedzie\u0107, \u017ce dana osoba w nim zarejestrowana korzysta z Serwisu. W tym przypadku bazuje ona na danych, kt\u00f3rych sama jest administratorem, Operator nie przekazuje \u017cadnych dodatkowych danych osobowych do serwisu Facebook. Us\u0142uga opiera si\u0119 na wykorzystaniu plik\u00f3w cookies na urz\u0105dzeniu ko\u0144cowym u\u017cytkownika.<\/p>\n\n\n\n<p>Meta Pixel to fragment kodu umieszczony na naszej stronie internetowej. Umo\u017cliwia on Meta identyfikacj\u0119 os\u00f3b odwiedzaj\u0105cych nasze tre\u015bci online jako grupy docelowej do wy\u015bwietlania reklam na portalu Facebook na ich profilach w mediach spo\u0142eczno\u015bciowych (np. w ramach reklam sponsorowanych), co rozumiemy jako nasz uzasadniony interes (art. 6 ust. 1 lit. f RODO). W ramach funkcji Meta Pixel mo\u017cliwe jest wy\u015bwietlanie naszych opublikowanych reklam na portalu Facebook wy\u0142\u0105cznie u\u017cytkownikom Facebooka, kt\u00f3rzy wykazali zainteresowanie naszymi us\u0142ugami lub kt\u00f3rzy maj\u0105 pewne wsp\u00f3lne wsp\u00f3\u0142czynniki (takie jak zainteresowania okre\u015blonymi tematami lub produktami okre\u015blone na podstawie odwiedzonych zak\u0142adek na naszej stronie internetowej, przegl\u0105danych produkt\u00f3w), kt\u00f3re przekazujemy Facebookowi (wynika to z dzia\u0142ania Pixela zainstalowanego na naszej stronie internetowej).<\/p>\n\n\n\n<p><strong>F. Media spo\u0142eczno\u015bciowe<\/strong><\/p>\n\n\n\n<p>Na stronie internetowej mo\u017cna znale\u017a\u0107 linki do platform medi\u00f3w spo\u0142eczno\u015bciowych, na kt\u00f3rych publikowane s\u0105 informacje o nas i naszej dzia\u0142alno\u015bci. Jeste\u015bmy zar\u00f3wno administratorem danych na platformie medi\u00f3w spo\u0142eczno\u015bciowych jako w\u0142a\u015bciciel konta w mediach spo\u0142eczno\u015bciowych, jak i w\u0142a\u015bcicielem odpowiedniej platformy medi\u00f3w spo\u0142eczno\u015bciowych.<\/p>\n\n\n\n<p><strong>2.3. Jak d\u0142ugo przetwarzane s\u0105 dane osobowe?<\/strong><\/p>\n\n\n\n<p>Okres przetwarzania danych osobowych zale\u017cy od podstawy prawnej ich przetwarzania. Informujemy, \u017ce:<\/p>\n\n\n\n<ul class=\"wp-block-list\">\n<li>W przypadkach, w kt\u00f3rych przetwarzamy dane osobowe na podstawie zgody, okres przetwarzania trwa do momentu osi\u0105gni\u0119cia zamierzonego celu lub wycofania zgody;<\/li>\n\n\n\n<li>W przypadkach, w kt\u00f3rych przetwarzamy dane osobowe w celu wykonania umowy lub podj\u0119cia dzia\u0142a\u0144 na \u017c\u0105danie osoby, kt\u00f3rej dane dotycz\u0105, przed zawarciem umowy (realizacja zam\u00f3wienia), przez czas realizacji zam\u00f3wienia, a po jego zako\u0144czeniu przez okres przedawnienia ewentualnych roszcze\u0144 zwi\u0105zanych z umow\u0105;<\/li>\n\n\n\n<li>W przypadkach, w kt\u00f3rych przetwarzamy dane osobowe w oparciu o uzasadniony interes, okres przetwarzania trwa do momentu istnienia uzasadnionego interesu lub do momentu wniesienia skutecznego sprzeciwu wobec przetwarzania danych.<\/li>\n<\/ul>\n\n\n\n<p><strong>2.4. Komu udost\u0119pniamy dane osobowe u\u017cytkownik\u00f3w?<\/strong><\/p>\n\n\n\n<p>Dane osobowe u\u017cytkownika mog\u0105 by\u0107 udost\u0119pniane<\/p>\n\n\n\n<ul class=\"wp-block-list\">\n<li>Podmioty \u015bwiadcz\u0105ce us\u0142ugi informatyczne, dostarczaj\u0105ce nam oprogramowanie lub wsparcie techniczne w zakresie utrzymania system\u00f3w informatycznych;<\/li>\n\n\n\n<li>Podmioty \u015bwiadcz\u0105ce us\u0142ugi hostingowe;<\/li>\n\n\n\n<li>Podmioty \u015bwiadcz\u0105ce us\u0142ugi prawne, je\u015bli to konieczne;<\/li>\n\n\n\n<li>Podmioty \u015bwiadcz\u0105ce us\u0142ugi pocztowe lub kurierskie;<\/li>\n\n\n\n<li>Podmioty \u015bwiadcz\u0105ce us\u0142ugi marketingowe;<\/li>\n\n\n\n<li>Podmioty \u015bwiadcz\u0105ce us\u0142ugi ksi\u0119gowe;<\/li>\n\n\n\n<li>Podmioty \u015bwiadcz\u0105ce us\u0142ugi doradztwa prawnego, podatkowego lub finansowego;<\/li>\n\n\n\n<li>Podmioty \u015bwiadcz\u0105ce us\u0142ugi analityczne;<\/li>\n\n\n\n<li>Podmioty \u015bwiadcz\u0105ce us\u0142ugi dystrybucji newsletter\u00f3w;<\/li>\n\n\n\n<li>Podmioty \u015bwiadcz\u0105ce us\u0142ugi komunikacyjne.<\/li>\n<\/ul>\n\n\n\n<p><strong>2.5. Klauzula informacyjna<\/strong><\/p>\n\n\n\n<p>Obowi\u0105zek informacyjny \u015bwiadczony jest przez COGITA Sp. z o.o. z siedzib\u0105 przy ul. \u0141\u0105kowej 4, 42-282 Widz\u00f3w, NIP 9492257381 (dalej \"Administrator\").<\/p>\n\n\n\n<h3 class=\"wp-block-heading\">Kontakt z Administratorem jest mo\u017cliwy:<\/h3>\n\n\n\n<p>E-mail: privacy@cogita.ai<\/p>\n\n\n\n<p>Poczt\u0105 na adres siedziby Administratora: \u0141\u0105kowa 4, 42-282 Widz\u00f3w<br>Administrator przetwarza dane osobowe w oparciu o podstawy prawne, o kt\u00f3rych mowa w art. 6 ust. 1 Rozporz\u0105dzenia Parlamentu Europejskiego i Rady (UE) 2016\/679 z dnia 27 kwietnia 2016 r. w sprawie ochrony os\u00f3b fizycznych w zwi\u0105zku z przetwarzaniem danych osobowych i w sprawie swobodnego przep\u0142ywu takich danych oraz uchylenia dyrektywy 95\/46\/WE (og\u00f3lne rozporz\u0105dzenie o ochronie danych) (dalej jako \"RODO\"), tj:<\/p>\n\n\n\n<p>Zgoda (art. 6 ust. 1 lit. a) RODO);<br>Konieczno\u015b\u0107 wykonania umowy (art. 6 ust. 1 lit. b RODO);<br>Obowi\u0105zek prawny (art. 6 ust. 1 lit. c) RODO);<br>Ochrona \u017cywotnych interes\u00f3w (art. 6 ust. 1 lit. d) RODO);<br>Zadanie wykonywane w interesie publicznym lub w ramach sprawowania w\u0142adzy publicznej (art. 6 ust. 1 lit. e) RODO);<br>Prawnie uzasadniony interes realizowany przez Administratora lub przez stron\u0119 trzeci\u0105 (art. 6 ust. 1 lit. f RODO).<br>Administrator wyznaczy\u0142 Inspektora Ochrony Danych, z kt\u00f3rym mo\u017cna skontaktowa\u0107 si\u0119 za po\u015brednictwem poczty elektronicznej pod adresem dpo@cogita.ai.<\/p>\n\n\n\n<p>Podanie danych osobowych przez osob\u0119, kt\u00f3rej dane dotycz\u0105, jest dobrowolne, ale niezb\u0119dne do realizacji cel\u00f3w, dla kt\u00f3rych dane te s\u0105 zbierane.<\/p>\n\n\n\n<p><strong>Odbiorcami danych osobowych mog\u0105 by\u0107:<\/strong><\/p>\n\n\n\n<ul class=\"wp-block-list\">\n<li>Podmioty \u015bwiadcz\u0105ce na rzecz Administratora us\u0142ugi informatyczne, dostarczaj\u0105ce Administratorowi oprogramowanie lub wsparcie techniczne w utrzymaniu system\u00f3w informatycznych;<\/li>\n\n\n\n<li>Podmioty \u015bwiadcz\u0105ce us\u0142ugi hostingowe na rzecz Administratora;<\/li>\n\n\n\n<li>Podmioty \u015bwiadcz\u0105ce us\u0142ugi prawne na rzecz Administratora, je\u015bli zajdzie taka potrzeba;<\/li>\n\n\n\n<li>Podmioty \u015bwiadcz\u0105ce na rzecz Administratora us\u0142ugi pocztowe lub kurierskie;<\/li>\n\n\n\n<li>Podmioty \u015bwiadcz\u0105ce us\u0142ugi marketingowe na rzecz Administratora;<\/li>\n\n\n\n<li>Podmioty \u015bwiadcz\u0105ce us\u0142ugi ksi\u0119gowe na rzecz Administratora;<\/li>\n\n\n\n<li>Podmioty \u015bwiadcz\u0105ce na rzecz Administratora us\u0142ugi doradztwa prawnego, podatkowego lub finansowego;<\/li>\n\n\n\n<li>Podmioty \u015bwiadcz\u0105ce us\u0142ugi analityczne na rzecz Administratora;<\/li>\n\n\n\n<li>Podmioty \u015bwiadcz\u0105ce na rzecz Administratora us\u0142ugi dystrybucji newsletter\u00f3w;<\/li>\n\n\n\n<li>Podmioty \u015bwiadcz\u0105ce us\u0142ugi komunikacyjne na rzecz Administratora.<\/li>\n<\/ul>\n\n\n\n<p>Dane b\u0119d\u0105 przetwarzane przez okres trwania umowy, a po jej zako\u0144czeniu przez okres przedawnienia ewentualnych roszcze\u0144 zwi\u0105zanych z umow\u0105 lub do czasu wycofania zgody.<\/p>\n\n\n\n<p><strong>Osoba, kt\u00f3rej dane dotycz\u0105, ma prawo do:<\/strong><\/p>\n\n\n\n<ul class=\"wp-block-list\">\n<li>Dost\u0119p do danych osobowych, sprostowanie, usuni\u0119cie lub ograniczenie przetwarzania;<\/li>\n\n\n\n<li>Sprzeciw wobec przetwarzania danych;<\/li>\n\n\n\n<li>Transfer danych;<\/li>\n\n\n\n<li>Wycofanie zgody w dowolnym momencie bez wp\u0142ywu na zgodno\u015b\u0107 z prawem przetwarzania opartego na zgodzie przed jej wycofaniem.<\/li>\n<\/ul>\n\n\n\n<p>Osoba, kt\u00f3rej dane dotycz\u0105, ma prawo wnie\u015b\u0107 skarg\u0119 do organu nadzorczego.<br>Podanie danych osobowych przez osob\u0119, kt\u00f3rej dane dotycz\u0105, jest dobrowolne, ale niezb\u0119dne do realizacji cel\u00f3w, dla kt\u00f3rych dane te s\u0105 zbierane.<\/p>\n\n\n\n<p>Dane osobowe nie b\u0119d\u0105 podlega\u0142y zautomatyzowanemu podejmowaniu decyzji, w tym profilowaniu.<\/p>\n\n\n\n<p>Pani\/Pana dane osobowe mog\u0105 by\u0107 przekazywane do pa\u0144stw trzecich w zwi\u0105zku z realizacj\u0105 umowy, na podstawie Pani\/Pana zgody lub w celu wype\u0142nienia obowi\u0105zk\u00f3w prawnych ci\u0105\u017c\u0105cych na Administratorze.<\/p>\n\n\n\n<p>Pani\/Pana dane osobowe nie b\u0119d\u0105 przetwarzane w spos\u00f3b zautomatyzowany, w tym nie b\u0119d\u0105 profilowane.<\/p>\n\n\n\n<p>Korzystaj\u0105c z witryny, u\u017cytkownik wyra\u017ca zgod\u0119 na u\u017cywanie plik\u00f3w cookie zgodnie z ustawieniami przegl\u0105darki.<\/p>\n\n\n\n<p>Dane osobowe u\u017cytkownika nie b\u0119d\u0105 profilowane.<\/p>\n\n\n\n<p><strong>2.6. Jak chronimy dane osobowe u\u017cytkownik\u00f3w?<\/strong><\/p>\n\n\n\n<p>Stosujemy odpowiednie \u015brodki techniczne i organizacyjne zapewniaj\u0105ce ochron\u0119 przetwarzanych danych osobowych odpowiedni\u0105 do zagro\u017ce\u0144 oraz kategorii danych obj\u0119tych ochron\u0105, a w szczeg\u00f3lno\u015bci zabezpieczamy dane przed ich udost\u0119pnieniem osobom nieupowa\u017cnionym, zabraniem przez osob\u0119 nieuprawnion\u0105, przetwarzaniem z naruszeniem obowi\u0105zuj\u0105cych przepis\u00f3w oraz zmian\u0105, utrat\u0105, uszkodzeniem lub zniszczeniem.<\/p>\n\n\n\n<p>Szczeg\u00f3\u0142owy zakres \u015brodk\u00f3w ochrony zale\u017cy od charakteru, zakresu, kontekstu i cel\u00f3w przetwarzania, a tak\u017ce od ryzyka naruszenia praw lub wolno\u015bci os\u00f3b fizycznych o r\u00f3\u017cnym prawdopodobie\u0144stwie i wadze zagro\u017cenia.<\/p>\n\n\n\n<h3 class=\"wp-block-heading\">3. Pliki cookie<\/h3>\n\n\n\n<p>Serwis wykorzystuje pliki cookies. S\u0105 to dane informatyczne, w szczeg\u00f3lno\u015bci pliki tekstowe, kt\u00f3re przechowywane s\u0105 w urz\u0105dzeniu ko\u0144cowym u\u017cytkownika serwisu i przeznaczone s\u0105 do korzystania ze stron internetowych serwisu. Cookies zazwyczaj zawieraj\u0105 nazw\u0119 strony internetowej, z kt\u00f3rej pochodz\u0105, czas przechowywania ich na urz\u0105dzeniu ko\u0144cowym oraz unikalny numer.<\/p>\n\n\n\n<ol start=\"3\" class=\"wp-block-list\"><\/ol>\n\n\n\n<p><strong>3.1. Jakich plik\u00f3w cookie u\u017cywamy?<\/strong><\/p>\n\n\n\n<p>Stosujemy dwa rodzaje plik\u00f3w cookies: sesyjne i sta\u0142e. Cookies \"sesyjne\" s\u0105 plikami tymczasowymi, kt\u00f3re przechowywane s\u0105 w urz\u0105dzeniu ko\u0144cowym U\u017cytkownika do czasu wylogowania, opuszczenia strony internetowej lub wy\u0142\u0105czenia oprogramowania (przegl\u0105darki internetowej). \"Sta\u0142e\" pliki cookies przechowywane s\u0105 w urz\u0105dzeniu ko\u0144cowym U\u017cytkownika przez czas okre\u015blony w parametrach plik\u00f3w cookies lub do czasu ich usuni\u0119cia przez U\u017cytkownika.<\/p>\n\n\n\n<p><strong>3.2. Do czego s\u0142u\u017c\u0105 pliki cookie?<\/strong><\/p>\n\n\n\n<p>Pliki cookie s\u0105 wykorzystywane do:<\/p>\n\n\n\n<p>Dostosowa\u0107 zawarto\u015b\u0107 stron internetowych do preferencji u\u017cytkownika i zoptymalizowa\u0107 korzystanie ze stron internetowych;<br>Rozpoznaje urz\u0105dzenie u\u017cytkownika i wy\u015bwietla stron\u0119 internetow\u0105 odpowiednio dostosowan\u0105 do jego indywidualnych potrzeb;<br>Tworzenie statystyk, kt\u00f3re pomagaj\u0105 zrozumie\u0107, w jaki spos\u00f3b u\u017cytkownicy korzystaj\u0105 z witryn internetowych, co umo\u017cliwia ulepszanie ich struktury i zawarto\u015bci;<\/p>\n\n\n\n<p>Utrzymanie sesji u\u017cytkownika po zalogowaniu, aby u\u017cytkownik nie musia\u0142 ponownie wprowadza\u0107 loginu i has\u0142a na ka\u017cdej podstronie.<\/p>\n\n\n\n<p><strong>3.3. Jak zmieni\u0107 ustawienia plik\u00f3w cookie?<\/strong><\/p>\n\n\n\n<p>Domy\u015blne ustawienia wi\u0119kszo\u015bci przegl\u0105darek internetowych dopuszczaj\u0105 stosowanie plik\u00f3w cookies. Ustawienia te mog\u0105 zosta\u0107 zmienione w taki spos\u00f3b, aby blokowa\u0107 automatyczn\u0105 obs\u0142ug\u0119 plik\u00f3w cookies w ustawieniach przegl\u0105darki internetowej b\u0105d\u017a informowa\u0107 o ich ka\u017cdorazowym przes\u0142aniu na urz\u0105dzenie u\u017cytkownika. Szczeg\u00f3\u0142owe informacje o mo\u017cliwo\u015bci i sposobach obs\u0142ugi plik\u00f3w cookies dost\u0119pne s\u0105 w ustawieniach oprogramowania (przegl\u0105darki internetowej).<\/p>\n\n\n\n<h3 class=\"wp-block-heading\">Postanowienia ko\u0144cowe<\/h3>\n\n\n\n<p>Zastrzegamy sobie prawo do zmiany niniejszej Polityki prywatno\u015bci poprzez opublikowanie nowej Polityki prywatno\u015bci na tej stronie internetowej. Wszelkie zmiany w Polityce prywatno\u015bci b\u0119d\u0105 obowi\u0105zywa\u0107 od daty opublikowania Polityki prywatno\u015bci na stronie internetowej.<\/p>","protected":false},"excerpt":{"rendered":"<p>1. Introduction Operating under the name of COGITA Sp. z o.o., located at \u0141\u0105kowa 4, 42-282 Widz\u00f3w, NIP 9492257381, we ensure proper handling of your personal data. Our goal is to inform you appropriately about matters related to the processing of personal data, especially concerning the provisions of data protection laws, including the Regulation (EU) [&hellip;]<\/p>\n","protected":false},"author":1,"featured_media":0,"parent":0,"menu_order":0,"comment_status":"closed","ping_status":"closed","template":"","meta":{"_acf_changed":false,"footnotes":""},"class_list":["post-3","page","type-page","status-publish","hentry"],"acf":[],"_links":{"self":[{"href":"https:\/\/cogita.ai\/pl\/wp-json\/wp\/v2\/pages\/3","targetHints":{"allow":["GET"]}}],"collection":[{"href":"https:\/\/cogita.ai\/pl\/wp-json\/wp\/v2\/pages"}],"about":[{"href":"https:\/\/cogita.ai\/pl\/wp-json\/wp\/v2\/types\/page"}],"author":[{"embeddable":true,"href":"https:\/\/cogita.ai\/pl\/wp-json\/wp\/v2\/users\/1"}],"replies":[{"embeddable":true,"href":"https:\/\/cogita.ai\/pl\/wp-json\/wp\/v2\/comments?post=3"}],"version-history":[{"count":2,"href":"https:\/\/cogita.ai\/pl\/wp-json\/wp\/v2\/pages\/3\/revisions"}],"predecessor-version":[{"id":2280,"href":"https:\/\/cogita.ai\/pl\/wp-json\/wp\/v2\/pages\/3\/revisions\/2280"}],"wp:attachment":[{"href":"https:\/\/cogita.ai\/pl\/wp-json\/wp\/v2\/media?parent=3"}],"curies":[{"name":"wp","href":"https:\/\/api.w.org\/{rel}","templated":true}]}}