{"id":3,"date":"2026-01-14T13:12:44","date_gmt":"2026-01-14T13:12:44","guid":{"rendered":"https:\/\/cogita.ai\/?page_id=3"},"modified":"2026-02-26T15:57:50","modified_gmt":"2026-02-26T14:57:50","slug":"privacy-policy","status":"publish","type":"page","link":"https:\/\/cogita.ai\/de\/privacy-policy\/","title":{"rendered":"Datenschutzbestimmungen"},"content":{"rendered":"<h3 class=\"wp-block-heading\">1. Einleitung<\/h3>\n\n\n\n<p>Unter dem&nbsp;Namen COGITA Sp. z o.o., mit&nbsp;Sitz in \u0141\u0105kowa 4, 42-282 Widz\u00f3w, NIP 9492257381, sorgen wir f\u00fcr&nbsp;einen&nbsp;ordnungsgem\u00e4\u00dfen Umgang mit&nbsp;Ihren personenbezogenen Daten. Unser Ziel ist es, Sie angemessen \u00fcber Angelegenheiten im&nbsp;Zusammenhang mit&nbsp;der&nbsp;Verarbeitung personenbezogener Daten zu informieren, insbesondere \u00fcber die&nbsp;Bestimmungen der&nbsp;Datenschutzgesetze, einschlie\u00dflich der&nbsp;Verordnung (EU) 2016\/679 des&nbsp;Europ\u00e4ischen Parlaments und&nbsp;des&nbsp;Rates vom 27. April 2016 zum&nbsp;Schutz nat\u00fcrlicher Personen bei&nbsp;der&nbsp;Verarbeitung personenbezogener Daten, zum&nbsp;freien Datenverkehr und&nbsp;zur&nbsp;Aufhebung der&nbsp;Richtlinie 95\/46\/EG (im&nbsp;Folgenden \"GDPR\" genannt). In dieser Datenschutzrichtlinie informieren wir Sie \u00fcber die&nbsp;Rechtsgrundlagen f\u00fcr&nbsp;die&nbsp;Verarbeitung personenbezogener Daten, die&nbsp;Methoden ihrer Erhebung und&nbsp;Verwendung sowie \u00fcber Ihre damit verbundenen Rechte.<\/p>\n\n\n\n<p>Diese Datenschutzrichtlinie erf\u00fcllt auch die&nbsp;Anforderungen des&nbsp;Telekommunikationsgesetzes vom 15. September 2017 in Bezug auf die&nbsp;Verwendung von&nbsp;Cookies. Als Eigent\u00fcmer der&nbsp;Website cogita.ai sind wir verpflichtet, Sie \u00fcber die&nbsp;vom Dienst verwendeten Cookies zu informieren.<\/p>\n\n\n\n<h3 class=\"wp-block-heading\">2. Pers\u00f6nliche Daten<\/h3>\n\n\n\n<p><strong>2.1. Wann gilt diese Datenschutzrichtlinie?<\/strong><\/p>\n\n\n\n<p>Die&nbsp;Datenschutzrichtlinie gilt f\u00fcr&nbsp;alle F\u00e4lle, in denen wir Ihre personenbezogenen Daten verarbeiten. Dies gilt sowohl f\u00fcr&nbsp;F\u00e4lle, in denen wir personenbezogene Daten verarbeiten, die&nbsp;wir direkt von&nbsp;Ihnen erhalten haben, als auch f\u00fcr&nbsp;F\u00e4lle, in denen wir Ihre personenbezogenen Daten aus anderen Quellen erhalten haben.<\/p>\n\n\n\n<p><strong>2.2. Wie, auf welcher Rechtsgrundlage und&nbsp;welche Art von&nbsp;personenbezogenen Daten verarbeiten wir?<\/strong><\/p>\n\n\n\n<p>Wir sorgen f\u00fcr&nbsp;Transparenz hinsichtlich der&nbsp;Methoden und&nbsp;Rechtsgrundlagen f\u00fcr&nbsp;die&nbsp;Verarbeitung personenbezogener Daten sowie der&nbsp;Zwecke, f\u00fcr&nbsp;die&nbsp;wir personenbezogene Daten verarbeiten. Wir stellen sicher, dass die&nbsp;notwendigen Informationen in dieser Hinsicht jedes Mal bereitgestellt werden. Um diese Fragen so klar wie m\u00f6glich zu kl\u00e4ren, legen wir die&nbsp;folgende Liste der&nbsp;Verarbeitungen personenbezogener Daten im&nbsp;Zusammenhang mit&nbsp;der&nbsp;betriebenen Website vor.<\/p>\n\n\n\n<p>Gleichzeitig weisen wir darauf hin, dass wir uns immer dann, wenn wir personenbezogene Daten auf der&nbsp;Grundlage eines&nbsp;berechtigten Interesses (Artikel 6 Absatz 1 Buchstabe f der&nbsp;Datenschutz-Grundverordnung) verarbeiten, bem\u00fchen, unser Interesse mit&nbsp;den&nbsp;potenziellen Auswirkungen auf Ihre Daten (sowohl positiv als auch negativ) und&nbsp;Ihre Rechte gem\u00e4\u00df den&nbsp;Datenschutzbestimmungen zu analysieren und&nbsp;abzuw\u00e4gen.<\/p>\n\n\n\n<p><strong>A. Verarbeitung personenbezogener Daten der&nbsp;Besucher der&nbsp;Website<\/strong><\/p>\n\n\n\n<p>Im&nbsp;Zusammenhang mit&nbsp;der&nbsp;Nutzung der&nbsp;Website verarbeiten wir die&nbsp;folgenden Daten, die&nbsp;Ihr Browser an den&nbsp;Server sendet: IP&#8209;Adresse, Datum und&nbsp;Uhrzeit des&nbsp;Sitzungsbeginns, Informationen \u00fcber die&nbsp;Zeitzone, Informationen \u00fcber die&nbsp;Ausgangsseite, Zugriffsstatus\/HTTP&#8209;Zugangscode, Adresse der&nbsp;Seite, von&nbsp;der&nbsp;aus die&nbsp;Eingabe erfolgte, Browsertyp, Betriebssystem und&nbsp;dessen Schnittstelle, Sprache und&nbsp;Version der&nbsp;Browser-Software.<\/p>\n\n\n\n<p>Die&nbsp;Verarbeitung dieser Daten ist f\u00fcr&nbsp;das&nbsp;ordnungsgem\u00e4\u00dfe Funktionieren und&nbsp;die&nbsp;Gew\u00e4hrleistung der&nbsp;Stabilit\u00e4t und&nbsp;Sicherheit der&nbsp;Website erforderlich. Die&nbsp;Verarbeitung erfolgt auf der&nbsp;Grundlage von&nbsp;Artikel 6 Absatz 1 Buchstabe f der&nbsp;Datenschutz-Grundverordnung.<\/p>\n\n\n\n<p><strong>B. Verarbeitung personenbezogener Daten im&nbsp;Rahmen des&nbsp;Kontaktformulars<\/strong><\/p>\n\n\n\n<p>Unter der&nbsp;Registerkarte \"Kontakt\" auf der&nbsp;Website finden Sie ein&nbsp;Kontaktformular, \u00fcber das&nbsp;Sie Anfragen stellen k\u00f6nnen.<\/p>\n\n\n\n<p>Mit&nbsp;dem&nbsp;Kontaktformular werden folgende Daten erhoben: E&#8209;Mail Adresse. Optional k\u00f6nnen Sie im&nbsp;Rahmen des&nbsp;Inhalts der&nbsp;Frage weitere personenbezogene Daten angeben, deren Angabe freiwillig und&nbsp;in \u00dcbereinstimmung mit&nbsp;Ihrem Willen ist. Die&nbsp;vorgenannten Daten (abgesehen vom Inhalt der&nbsp;Frage) sind f\u00fcr&nbsp;die&nbsp;Beantwortung Ihrer Frage erforderlich.<\/p>\n\n\n\n<p>Die&nbsp;Verarbeitung personenbezogener Daten erfolgt auf der&nbsp;Grundlage Ihrer Zustimmung, die&nbsp;Sie durch die&nbsp;Eingabe von&nbsp;Daten in das&nbsp;Formular und&nbsp;deren \u00dcbermittlung an uns zum&nbsp;Ausdruck gebracht haben, d. h. auf der&nbsp;Grundlage von&nbsp;Artikel 6 Absatz 1 Buchstabe a der&nbsp;Datenschutz-Grundverordnung. Die&nbsp;Einwilligung ist freiwillig.<\/p>\n\n\n\n<p>Der&nbsp;vollst\u00e4ndige Umfang Ihrer Rechte und&nbsp;Pflichten in Bezug auf die&nbsp;Verarbeitung personenbezogener Daten (gem\u00e4\u00df Artikel 13 der&nbsp;DSGVO) ist in der&nbsp;Informationsklausel unter Punkt 2.5. der&nbsp;Datenschutzrichtlinie enthalten.<\/p>\n\n\n\n<p><strong>C. Verarbeitung personenbezogener Daten im&nbsp;Rahmen des&nbsp;Newsletters<\/strong><\/p>\n\n\n\n<p>Wenn Sie den&nbsp;Newsletter abonnieren, stellen Sie uns Ihre Daten in Form einer&nbsp;E&#8209;Mail-Adresse \u00fcber das&nbsp;Newsletter-Anmeldeformular zur&nbsp;Verf\u00fcgung. Die&nbsp;Angabe der&nbsp;Daten ist freiwillig, aber notwendig, um den&nbsp;Newsletter zu abonnieren. Die&nbsp;Rechtsgrundlage f\u00fcr&nbsp;die&nbsp;Verarbeitung personenbezogener Daten ist Artikel 6 Absatz 1 Buchstabe a der&nbsp;DSGVO.<br>Sie k\u00f6nnen Ihre Einwilligung jederzeit widerrufen.<\/p>\n\n\n\n<p>Der&nbsp;vollst\u00e4ndige Umfang Ihrer Rechte und&nbsp;Pflichten in Bezug auf die&nbsp;Verarbeitung personenbezogener Daten (gem\u00e4\u00df Artikel 13 der&nbsp;DSGVO) ist in der&nbsp;Informationsklausel unter Punkt 2.5. der&nbsp;Datenschutzrichtlinie enthalten.<\/p>\n\n\n\n<p><strong>D. Verarbeitung personenbezogener Daten im&nbsp;Rahmen von&nbsp;Google Analytics<\/strong><\/p>\n\n\n\n<p>Diese Website benutzt Google Analytics, einen&nbsp;Webanalysedienst der&nbsp;Google Inc (1600 Amphitheatre Parkway, Mountain View, CA 94043, USA). Google Analytics verwendet Cookies, die&nbsp;auf Ihrem Computer gespeichert werden und&nbsp;die&nbsp;eine&nbsp;Analyse der&nbsp;Benutzung der&nbsp;Website erm\u00f6glichen. Die&nbsp;durch Cookies erzeugten Informationen \u00fcber die&nbsp;Benutzung dieser Website werden in der&nbsp;Regel an einen&nbsp;Server von&nbsp;Google in den&nbsp;USA \u00fcbertragen und&nbsp;dort gespeichert. Im&nbsp;Auftrag des&nbsp;Betreibers dieser Website wird Google diese Informationen benutzen, um die&nbsp;Nutzung der&nbsp;Website auszuwerten, um Reports \u00fcber die&nbsp;Websiteaktivit\u00e4ten zusammenzustellen und&nbsp;um weitere mit&nbsp;der&nbsp;Websitenutzung und&nbsp;der&nbsp;Internetnutzung verbundene Dienstleistungen gegen\u00fcber dem&nbsp;Websitebetreiber zu erbringen.<\/p>\n\n\n\n<p>Die&nbsp;von&nbsp;Google Analytics \u00fcbermittelte IP&#8209;Adresse wird von&nbsp;Google nicht mit&nbsp;anderen Daten in Verbindung gebracht. Wir verwenden dieses Tool, um die&nbsp;Nutzung der&nbsp;Website zu analysieren und&nbsp;regelm\u00e4\u00dfig zu verbessern.<\/p>\n\n\n\n<p>Sie k\u00f6nnen das&nbsp;Speichern von&nbsp;Cookies verhindern, indem Sie Ihre Browser-Software entsprechend einstellen oder&nbsp;entsprechende Browser-Plugins verwenden.<\/p>\n\n\n\n<p>Die&nbsp;Rechtsgrundlage f\u00fcr&nbsp;die&nbsp;Verarbeitung personenbezogener Daten ist Artikel 6 Absatz 1 Buchstabe f der&nbsp;Datenschutz-Grundverordnung.<\/p>\n\n\n\n<p>Der&nbsp;vollst\u00e4ndige Umfang Ihrer Rechte und&nbsp;Pflichten in Bezug auf die&nbsp;Verarbeitung personenbezogener Daten (gem\u00e4\u00df Artikel 13 der&nbsp;DSGVO) ist in der&nbsp;Informationsklausel unter Punkt 2.5. der&nbsp;Datenschutzrichtlinie enthalten.<\/p>\n\n\n\n<p><strong>E. Verarbeitung personenbezogener Daten im&nbsp;Rahmen des&nbsp;Meta-Pixels<\/strong><\/p>\n\n\n\n<p>Der&nbsp;Administrator verwendet die&nbsp;Funktion Meta Pixel (https:\/\/www.facebook.com\/business\/help\/742478679120153?id=1205376682832142). Diese Technologie erm\u00f6glicht es Meta (Meta Inc. mit&nbsp;Sitz in den&nbsp;USA) zu wissen, dass eine&nbsp;bestimmte Person, die&nbsp;dort registriert ist, den&nbsp;Dienst nutzt. In diesem Fall st\u00fctzt sie sich auf Daten, f\u00fcr&nbsp;die&nbsp;sie selbst der&nbsp;Administrator ist, der&nbsp;Betreiber stellt dem&nbsp;Facebook-Dienst keine&nbsp;zus\u00e4tzlichen personenbezogenen Daten zur&nbsp;Verf\u00fcgung. Der&nbsp;Dienst basiert auf der&nbsp;Verwendung von&nbsp;Cookies auf dem&nbsp;Endger\u00e4t des&nbsp;Nutzers.<\/p>\n\n\n\n<p>Der&nbsp;Meta Pixel ist ein&nbsp;Code, der&nbsp;auf unserer Website platziert wird. Er erm\u00f6glicht es Meta, Personen, die&nbsp;unsere Online-Inhalte besuchen, als Zielgruppe f\u00fcr&nbsp;die&nbsp;Anzeige von&nbsp;Werbeanzeigen auf dem&nbsp;Facebook-Portal auf ihren Social-Media-Profilen (z. B. im&nbsp;Rahmen von&nbsp;gesponserten Anzeigen) zu identifizieren, was wir als unser berechtigtes Interesse verstehen (Artikel 6 Absatz 1 Buchstabe f der&nbsp;DSGVO). Im&nbsp;Rahmen der&nbsp;Meta-Pixel-Funktion ist es m\u00f6glich, unsere ver\u00f6ffentlichten Anzeigen auf dem&nbsp;Facebook-Portal ausschlie\u00dflich Facebook-Nutzern anzuzeigen, die&nbsp;Interesse an unseren Diensten gezeigt haben oder&nbsp;bestimmte gemeinsame Koeffizienten aufweisen (z. B. Interesse an bestimmten Themen oder&nbsp;Produkten, das&nbsp;anhand der&nbsp;besuchten Registerkarten auf unserer Website und&nbsp;der&nbsp;angesehenen Produkte ermittelt wird), die&nbsp;wir Facebook mitteilen (dies ergibt sich aus dem&nbsp;Betrieb des&nbsp;auf unserer Website installierten Pixels).<\/p>\n\n\n\n<p><strong>F. Soziale Medien<\/strong><\/p>\n\n\n\n<p>Auf der&nbsp;Website finden Sie Links zu Social-Media-Plattformen, auf denen Informationen \u00fcber uns und&nbsp;unsere Aktivit\u00e4ten gepostet werden. Wir sind sowohl der&nbsp;f\u00fcr&nbsp;die&nbsp;Datenverarbeitung Verantwortliche innerhalb der&nbsp;Social-Media-Plattform als Inhaber des&nbsp;Social-Media-Kontos als auch der&nbsp;Inhaber der&nbsp;jeweiligen Social-Media-Plattform.<\/p>\n\n\n\n<p><strong>2.3. Wie lange werden Ihre personenbezogenen Daten verarbeitet?<\/strong><\/p>\n\n\n\n<p>Der&nbsp;Zeitraum, f\u00fcr&nbsp;den&nbsp;wir personenbezogene Daten verarbeiten, h\u00e4ngt von&nbsp;der&nbsp;Rechtsgrundlage f\u00fcr&nbsp;ihre Verarbeitung ab. Wir informieren Sie dar\u00fcber:<\/p>\n\n\n\n<ul class=\"wp-block-list\">\n<li>In F\u00e4llen, in denen wir personenbezogene Daten auf der&nbsp;Grundlage einer&nbsp;Einwilligung verarbeiten, dauert die&nbsp;Verarbeitung so lange, bis der&nbsp;beabsichtigte Zweck erreicht ist oder&nbsp;die&nbsp;Einwilligung widerrufen wird;<\/li>\n\n\n\n<li>In den&nbsp;F\u00e4llen, in denen wir personenbezogene Daten zur&nbsp;Erf\u00fcllung eines&nbsp;Vertrages oder&nbsp;zur&nbsp;Durchf\u00fchrung von&nbsp;Ma\u00dfnahmen auf Antrag der&nbsp;betroffenen Person vor Abschluss eines&nbsp;Vertrages (Auftragserf\u00fcllung) verarbeiten, f\u00fcr&nbsp;die&nbsp;Dauer der&nbsp;Auftragserf\u00fcllung und&nbsp;nach deren Abschluss f\u00fcr&nbsp;die&nbsp;Dauer der&nbsp;Verj\u00e4hrung etwaiger Anspr\u00fcche im&nbsp;Zusammenhang mit&nbsp;dem&nbsp;Vertrag;<\/li>\n\n\n\n<li>In F\u00e4llen, in denen wir personenbezogene Daten auf der&nbsp;Grundlage eines&nbsp;berechtigten Interesses verarbeiten, dauert die&nbsp;Verarbeitung so lange, bis das&nbsp;berechtigte Interesse entf\u00e4llt oder&nbsp;bis ein&nbsp;wirksamer Widerspruch gegen die&nbsp;Datenverarbeitung eingelegt wird.<\/li>\n<\/ul>\n\n\n\n<p><strong>2.4. Mit&nbsp;wem teilen wir Ihre personenbezogenen Daten?<\/strong><\/p>\n\n\n\n<p>Ihre pers\u00f6nlichen Daten k\u00f6nnen weitergegeben werden an:<\/p>\n\n\n\n<ul class=\"wp-block-list\">\n<li>Einrichtungen, die&nbsp;IT&#8209;Dienstleistungen erbringen, uns Software zur&nbsp;Verf\u00fcgung stellen oder&nbsp;uns bei&nbsp;der&nbsp;Wartung von&nbsp;IT&#8209;Systemen technisch unterst\u00fctzen;<\/li>\n\n\n\n<li>Einrichtungen, die&nbsp;Hosting-Dienste anbieten;<\/li>\n\n\n\n<li>Einrichtungen, die&nbsp;Rechtsdienstleistungen erbringen, falls erforderlich;<\/li>\n\n\n\n<li>Einrichtungen, die&nbsp;Post- oder&nbsp;Kurierdienste anbieten;<\/li>\n\n\n\n<li>Einrichtungen, die&nbsp;Marketingdienstleistungen erbringen;<\/li>\n\n\n\n<li>Einrichtungen, die&nbsp;Buchhaltungsdienstleistungen erbringen;<\/li>\n\n\n\n<li>Einrichtungen, die&nbsp;Rechts-, Steuer- oder&nbsp;Finanzberatungsdienste anbieten;<\/li>\n\n\n\n<li>Einrichtungen, die&nbsp;Analysedienste anbieten;<\/li>\n\n\n\n<li>Einrichtungen, die&nbsp;Dienstleistungen im&nbsp;Bereich des&nbsp;Newsletter-Versands anbieten;<\/li>\n\n\n\n<li>Einrichtungen, die&nbsp;Kommunikationsdienste anbieten.<\/li>\n<\/ul>\n\n\n\n<p><strong>2.5. Informationsklausel<\/strong><\/p>\n\n\n\n<p>Die&nbsp;Informationspflicht wird von&nbsp;COGITA Sp. z o.o. mit&nbsp;Sitz in \u0141\u0105kowa 4, 42-282 Widz\u00f3w, NIP 9492257381 (nachstehend \"Verwalter\" genannt) erf\u00fcllt.<\/p>\n\n\n\n<h3 class=\"wp-block-heading\">Eine&nbsp;Kontaktaufnahme mit&nbsp;dem&nbsp;Administrator ist m\u00f6glich:<\/h3>\n\n\n\n<p>Per E&#8209;Mail an: privacy@cogita.ai<\/p>\n\n\n\n<p>Per Post an die&nbsp;Anschrift des&nbsp;eingetragenen Sitzes des&nbsp;Verwalters: \u0141\u0105kowa 4, 42-282 Widz\u00f3w<br>Der&nbsp;Verwalter verarbeitet personenbezogene Daten auf der&nbsp;Grundlage der&nbsp;in Art. 6 sec. 1 der&nbsp;Verordnung (EU) 2016\/679 des&nbsp;Europ\u00e4ischen Parlaments und&nbsp;des&nbsp;Rates vom 27. April 2016 zum&nbsp;Schutz nat\u00fcrlicher Personen bei&nbsp;der&nbsp;Verarbeitung personenbezogener Daten, zum&nbsp;freien Datenverkehr und&nbsp;zur&nbsp;Aufhebung der&nbsp;Richtlinie 95\/46\/EG (allgemeine Datenschutzverordnung) (im&nbsp;Folgenden \"DSGVO\"), d.h.:<\/p>\n\n\n\n<p>Einwilligung (Artikel 6 Absatz 1 Buchstabe a der&nbsp;Datenschutz-Grundverordnung);<br>Notwendigkeit der&nbsp;Vertragserf\u00fcllung (Artikel 6 Absatz 1 Buchstabe b der&nbsp;Datenschutz-Grundverordnung);<br>Gesetzliche Verpflichtung (Artikel 6 Absatz 1 Buchstabe c der&nbsp;Datenschutz-Grundverordnung);<br>Schutz lebenswichtiger Interessen (Artikel 6 Absatz 1 Buchstabe d der&nbsp;Datenschutz-Grundverordnung);<br>Aufgabe, die&nbsp;im&nbsp;\u00f6ffentlichen Interesse oder&nbsp;in Aus\u00fcbung \u00f6ffentlicher Gewalt ausgef\u00fchrt wird (Artikel 6 Absatz 1 Buchstabe e der&nbsp;Datenschutz-Grundverordnung);<br>Berechtigtes Interesse des&nbsp;Verwalters oder&nbsp;eines&nbsp;Dritten (Artikel 6 Absatz 1 Buchstabe f der&nbsp;Datenschutz-Grundverordnung).<br>Der&nbsp;Verwalter hat einen&nbsp;Datenschutzbeauftragten ernannt, der&nbsp;per E&#8209;Mail unter dpo@cogita.ai zu erreichen ist.<\/p>\n\n\n\n<p>Die&nbsp;Bereitstellung personenbezogener Daten durch die&nbsp;betroffene Person ist freiwillig, aber notwendig, um die&nbsp;Zwecke, f\u00fcr&nbsp;die&nbsp;die&nbsp;Daten erhoben werden, zu erreichen.<\/p>\n\n\n\n<p><strong>Die&nbsp;Empf\u00e4nger der&nbsp;personenbezogenen Daten k\u00f6nnen sein:<\/strong><\/p>\n\n\n\n<ul class=\"wp-block-list\">\n<li>Einrichtungen, die&nbsp;dem&nbsp;Verwalter IT&#8209;Dienstleistungen erbringen und&nbsp;ihm Software oder&nbsp;technische Unterst\u00fctzung bei&nbsp;der&nbsp;Wartung von&nbsp;IT&#8209;Systemen zur&nbsp;Verf\u00fcgung stellen;<\/li>\n\n\n\n<li>Einrichtungen, die&nbsp;dem&nbsp;Verwalter Hosting-Dienste anbieten;<\/li>\n\n\n\n<li>Einrichtungen, die&nbsp;dem&nbsp;Verwalter bei&nbsp;Bedarf juristische Dienste leisten;<\/li>\n\n\n\n<li>Einrichtungen, die&nbsp;Post- oder&nbsp;Kurierdienste f\u00fcr&nbsp;den&nbsp;Verwalter erbringen;<\/li>\n\n\n\n<li>Einrichtungen, die&nbsp;dem&nbsp;Verwalter Marketingdienstleistungen anbieten;<\/li>\n\n\n\n<li>Einrichtungen, die&nbsp;f\u00fcr&nbsp;den&nbsp;Verwalter Buchhaltungsdienstleistungen erbringen;<\/li>\n\n\n\n<li>Einrichtungen, die&nbsp;Rechts-, Steuer- oder&nbsp;Finanzberatungsdienste f\u00fcr&nbsp;den&nbsp;Verwalter erbringen;<\/li>\n\n\n\n<li>Einrichtungen, die&nbsp;dem&nbsp;Verwalter Analysedienste zur&nbsp;Verf\u00fcgung stellen;<\/li>\n\n\n\n<li>Einrichtungen, die&nbsp;dem&nbsp;Administrator Newsletter-Versanddienste anbieten;<\/li>\n\n\n\n<li>Stellen, die&nbsp;dem&nbsp;Verwalter Kommunikationsdienste zur&nbsp;Verf\u00fcgung stellen.<\/li>\n<\/ul>\n\n\n\n<p>Die&nbsp;Daten werden f\u00fcr&nbsp;die&nbsp;Dauer des&nbsp;Vertrags und&nbsp;nach dessen Abschluss f\u00fcr&nbsp;die&nbsp;Dauer der&nbsp;Verj\u00e4hrung etwaiger Anspr\u00fcche im&nbsp;Zusammenhang mit&nbsp;dem&nbsp;Vertrag oder&nbsp;bis zum&nbsp;Widerruf der&nbsp;Einwilligung verarbeitet.<\/p>\n\n\n\n<p><strong>Die&nbsp;betroffene Person hat das&nbsp;Recht auf:<\/strong><\/p>\n\n\n\n<ul class=\"wp-block-list\">\n<li>Zugang zu personenbezogenen Daten, Berichtigung, L\u00f6schung oder&nbsp;Einschr\u00e4nkung der&nbsp;Verarbeitung;<\/li>\n\n\n\n<li>Einspruch gegen die&nbsp;Datenverarbeitung;<\/li>\n\n\n\n<li>Daten\u00fcbertragung;<\/li>\n\n\n\n<li>Jederzeitiger Widerruf der&nbsp;Einwilligung, ohne dass die&nbsp;Rechtm\u00e4\u00dfigkeit der&nbsp;auf der&nbsp;Einwilligung beruhenden Verarbeitung vor deren Widerruf ber\u00fchrt wird.<\/li>\n<\/ul>\n\n\n\n<p>Die&nbsp;betroffene Person hat das&nbsp;Recht, eine&nbsp;Beschwerde bei&nbsp;der&nbsp;Aufsichtsbeh\u00f6rde einzureichen.<br>Die&nbsp;Bereitstellung personenbezogener Daten durch die&nbsp;betroffene Person ist freiwillig, aber notwendig, um die&nbsp;Zwecke, f\u00fcr&nbsp;die&nbsp;die&nbsp;Daten erhoben werden, zu erreichen.<\/p>\n\n\n\n<p>Personenbezogene Daten werden nicht Gegenstand einer&nbsp;automatisierten Entscheidungsfindung, einschlie\u00dflich Profiling, sein.<\/p>\n\n\n\n<p>Ihre personenbezogenen Daten k\u00f6nnen im&nbsp;Zusammenhang mit&nbsp;der&nbsp;Vertragserf\u00fcllung, auf der&nbsp;Grundlage Ihrer Zustimmung oder&nbsp;zur&nbsp;Erf\u00fcllung der&nbsp;gesetzlichen Verpflichtungen des&nbsp;Verwalters in Drittl\u00e4nder \u00fcbermittelt werden.<\/p>\n\n\n\n<p>Ihre personenbezogenen Daten werden nicht automatisiert verarbeitet, einschlie\u00dflich Profiling, und&nbsp;es wird kein&nbsp;Profil erstellt.<\/p>\n\n\n\n<p>Durch die&nbsp;Nutzung der&nbsp;Website erkl\u00e4ren Sie sich mit&nbsp;der&nbsp;Verwendung von&nbsp;Cookies gem\u00e4\u00df den&nbsp;Einstellungen Ihres Browsers einverstanden.<\/p>\n\n\n\n<p>Ihre pers\u00f6nlichen Daten werden nicht profiliert.<\/p>\n\n\n\n<p><strong>2.6. Wie sch\u00fctzen wir Ihre personenbezogenen Daten?<\/strong><\/p>\n\n\n\n<p>Wir wenden angemessene technische und&nbsp;organisatorische Ma\u00dfnahmen an, um den&nbsp;Schutz der&nbsp;verarbeiteten personenbezogenen Daten zu gew\u00e4hrleisten, die&nbsp;den&nbsp;Risiken und&nbsp;den&nbsp;Kategorien der&nbsp;Daten, die&nbsp;unter den&nbsp;Schutz fallen, angemessen sind, insbesondere sch\u00fctzen wir die&nbsp;Daten vor unbefugtem Zugriff, unbefugter Entfernung, Verarbeitung unter Verletzung geltender Gesetze sowie vor \u00c4nderungen, Verlust, Besch\u00e4digung oder&nbsp;Zerst\u00f6rung.<\/p>\n\n\n\n<p>Der&nbsp;genaue Umfang der&nbsp;Schutzma\u00dfnahmen h\u00e4ngt von&nbsp;der&nbsp;Art, dem&nbsp;Umfang, dem&nbsp;Kontext und&nbsp;den&nbsp;Zwecken der&nbsp;Verarbeitung sowie von&nbsp;dem&nbsp;Risiko einer&nbsp;Verletzung der&nbsp;Rechte oder&nbsp;Freiheiten nat\u00fcrlicher Personen mit&nbsp;unterschiedlicher Wahrscheinlichkeit und&nbsp;Schwere der&nbsp;Bedrohung ab.<\/p>\n\n\n\n<h3 class=\"wp-block-heading\">3. Cookies<\/h3>\n\n\n\n<p>Die&nbsp;Website verwendet Cookies. Dabei handelt es sich um IT&#8209;Daten, insbesondere Textdateien, die&nbsp;auf dem&nbsp;Endger\u00e4t des&nbsp;Website-Nutzers gespeichert werden und&nbsp;f\u00fcr&nbsp;die&nbsp;Nutzung der&nbsp;Seiten der&nbsp;Website bestimmt sind. Cookies enthalten in der&nbsp;Regel den&nbsp;Namen der&nbsp;Website, von&nbsp;der&nbsp;sie stammen, die&nbsp;Zeit, in der&nbsp;sie auf dem&nbsp;Endger\u00e4t gespeichert werden, und&nbsp;eine&nbsp;eindeutige Nummer.<\/p>\n\n\n\n<ol start=\"3\" class=\"wp-block-list\"><\/ol>\n\n\n\n<p><strong>3.1. Welche Art von&nbsp;Cookies verwenden wir?<\/strong><\/p>\n\n\n\n<p>Wir verwenden zwei Arten von&nbsp;Cookies: Sitzungscookies und&nbsp;permanente Cookies. Sitzungs-Cookies sind tempor\u00e4re Dateien, die&nbsp;auf Ihrem Endger\u00e4t gespeichert werden, bis Sie sich abmelden, die&nbsp;Website verlassen oder&nbsp;die&nbsp;Software (Webbrowser) ausschalten. Permanente Cookies werden auf Ihrem Endger\u00e4t f\u00fcr&nbsp;die&nbsp;in den&nbsp;Parametern der&nbsp;Cookie-Datei angegebene Zeit oder&nbsp;bis zu ihrer L\u00f6schung durch Sie gespeichert.<\/p>\n\n\n\n<p><strong>3.2. Wof\u00fcr werden Cookies verwendet?<\/strong><\/p>\n\n\n\n<p>Cookies werden verwendet, um:<\/p>\n\n\n\n<p>Anpassung des&nbsp;Inhalts der&nbsp;Webseiten an die&nbsp;Pr\u00e4ferenzen des&nbsp;Nutzers und&nbsp;Optimierung der&nbsp;Nutzung von&nbsp;Webseiten;<br>Erkennung des&nbsp;Ger\u00e4ts des&nbsp;Nutzers und&nbsp;korrekte Anzeige der&nbsp;Website, die&nbsp;auf die&nbsp;individuellen Bed\u00fcrfnisse des&nbsp;Nutzers zugeschnitten ist;<br>Erstellung von&nbsp;Statistiken, die&nbsp;Aufschluss dar\u00fcber geben, wie die&nbsp;Nutzer die&nbsp;Websites nutzen, was die&nbsp;Verbesserung ihrer Struktur und&nbsp;ihres Inhalts erm\u00f6glicht;<\/p>\n\n\n\n<p>Behalten Sie die&nbsp;Sitzung des&nbsp;Benutzers nach der&nbsp;Anmeldung bei, so dass der&nbsp;Benutzer sein Login und&nbsp;Passwort nicht auf jeder Unterseite erneut eingeben muss.<\/p>\n\n\n\n<p><strong>3.3. Wie kann ich die&nbsp;Cookie-Einstellungen \u00e4ndern?<\/strong><\/p>\n\n\n\n<p>Die&nbsp;Standardeinstellungen der&nbsp;meisten Webbrowser erlauben die&nbsp;Verwendung von&nbsp;Cookies. Sie k\u00f6nnen diese Einstellungen \u00e4ndern, um die&nbsp;automatische Handhabung von&nbsp;Cookies in den&nbsp;Browser-Einstellungen zu blockieren oder&nbsp;Sie jedes Mal zu informieren, wenn Cookies an Ihr Ger\u00e4t gesendet werden. Detaillierte Informationen \u00fcber die&nbsp;M\u00f6glichkeiten und&nbsp;Methoden der&nbsp;Handhabung von&nbsp;Cookies finden Sie in den&nbsp;Einstellungen der&nbsp;Software (Webbrowser).<\/p>\n\n\n\n<h3 class=\"wp-block-heading\">Schlussbestimmungen<\/h3>\n\n\n\n<p>Wir behalten uns das&nbsp;Recht vor, diese Datenschutzrichtlinie durch Ver\u00f6ffentlichung einer&nbsp;neuen Datenschutzrichtlinie auf dieser Website zu \u00e4ndern. Jegliche \u00c4nderungen an der&nbsp;Datenschutzrichtlinie treten ab dem&nbsp;Datum der&nbsp;Ver\u00f6ffentlichung der&nbsp;Datenschutzrichtlinie auf der&nbsp;Website in Kraft.<\/p>","protected":false},"excerpt":{"rendered":"<p>1. Introduction Operating under the name of COGITA Sp. z o.o., located at \u0141\u0105kowa 4, 42-282 Widz\u00f3w, NIP 9492257381, we ensure proper handling of your personal data. Our goal is to inform you appropriately about matters related to the processing of personal data, especially concerning the provisions of data protection laws, including the Regulation (EU) [&hellip;]<\/p>\n","protected":false},"author":1,"featured_media":0,"parent":0,"menu_order":0,"comment_status":"closed","ping_status":"closed","template":"","meta":{"_acf_changed":false,"footnotes":""},"class_list":["post-3","page","type-page","status-publish","hentry"],"acf":[],"_links":{"self":[{"href":"https:\/\/cogita.ai\/de\/wp-json\/wp\/v2\/pages\/3","targetHints":{"allow":["GET"]}}],"collection":[{"href":"https:\/\/cogita.ai\/de\/wp-json\/wp\/v2\/pages"}],"about":[{"href":"https:\/\/cogita.ai\/de\/wp-json\/wp\/v2\/types\/page"}],"author":[{"embeddable":true,"href":"https:\/\/cogita.ai\/de\/wp-json\/wp\/v2\/users\/1"}],"replies":[{"embeddable":true,"href":"https:\/\/cogita.ai\/de\/wp-json\/wp\/v2\/comments?post=3"}],"version-history":[{"count":2,"href":"https:\/\/cogita.ai\/de\/wp-json\/wp\/v2\/pages\/3\/revisions"}],"predecessor-version":[{"id":2280,"href":"https:\/\/cogita.ai\/de\/wp-json\/wp\/v2\/pages\/3\/revisions\/2280"}],"wp:attachment":[{"href":"https:\/\/cogita.ai\/de\/wp-json\/wp\/v2\/media?parent=3"}],"curies":[{"name":"wp","href":"https:\/\/api.w.org\/{rel}","templated":true}]}}