{"id":2344,"date":"2026-04-22T12:59:28","date_gmt":"2026-04-22T10:59:28","guid":{"rendered":"https:\/\/cogita.ai\/?page_id=2344"},"modified":"2026-04-22T13:37:19","modified_gmt":"2026-04-22T11:37:19","slug":"mid-ml-engineer","status":"publish","type":"page","link":"https:\/\/cogita.ai\/de\/careers\/mid-ml-engineer\/","title":{"rendered":"Mittlerer ML&#8209;Ingenieur"},"content":{"rendered":"<p><strong>Wir suchen einen&nbsp;mittleren ML&#8209;Ingenieur, der&nbsp;praktische KI&#8209;L\u00f6sungen entwickeln und&nbsp;in Richtung des&nbsp;Aufbaus gro\u00df angelegter, produktionsreifer Systeme f\u00fcr&nbsp;den&nbsp;Einsatz in realen Gesch\u00e4ftsumgebungen wachsen m\u00f6chte.<\/strong><\/p>\n\n\n\n<p><strong>Bei&nbsp;COGITA arbeiten Sie zusammen mit&nbsp;erfahrenen Ingenieuren und&nbsp;Forschern an KI&#8209;Projekten f\u00fcr&nbsp;Unternehmen und&nbsp;lernen, wie man Modelle von&nbsp;der&nbsp;Erprobung bis zum&nbsp;zuverl\u00e4ssigen Einsatz bringt.<\/strong><\/p>\n\n\n\n<h3 class=\"wp-block-heading\"><strong>Ihre Rolle<\/strong><\/h3>\n\n\n\n<p>Als Mid ML Engineer tragen Sie unter Anleitung erfahrener Teammitglieder zur&nbsp;Konzeption, Entwicklung und&nbsp;Verbesserung von&nbsp;KI&#8209;Systemen bei. Zu Ihren Aufgaben geh\u00f6ren:<\/p>\n\n\n\n<ul class=\"wp-block-list\">\n<li>Unterst\u00fctzung der&nbsp;Entwicklung von&nbsp;<strong>agentenbasierte KI&#8209;Systeme<\/strong><\/li>\n\n\n\n<li>Integration von&nbsp;ML&#8209;Komponenten mit&nbsp;<strong>Analysetools und&nbsp;interne APIs<\/strong><\/li>\n\n\n\n<li>Experimentieren mit&nbsp;ML- und&nbsp;LLM&#8209;Modellen, einschlie\u00dflich Tuning, Benchmarking und&nbsp;Qualit\u00e4tsbewertung<\/li>\n\n\n\n<li>Unterst\u00fctzung bei&nbsp;der&nbsp;Konzeption und&nbsp;Umsetzung von&nbsp;<strong>RAG&#8209;Pipelines<\/strong><\/li>\n\n\n\n<li>Beitrag zu <strong>analytische und&nbsp;entscheidungsunterst\u00fctzende Instrumente<\/strong> die&nbsp;Gesch\u00e4ftsprozesse automatisieren<\/li>\n<\/ul>\n\n\n\n<p>Diese Rolle bietet einen&nbsp;starken Bezug zur&nbsp;realen Welt der&nbsp;KI&#8209;Technik und&nbsp;bietet gleichzeitig Raum f\u00fcr&nbsp;Lernen und&nbsp;Wachstum.<\/p>\n\n\n\n<h3 class=\"wp-block-heading\"><strong>Wie wir arbeiten<\/strong><\/h3>\n\n\n\n<p>Wir glauben, dass man am&nbsp;besten w\u00e4chst, wenn man an sinnvollen Problemen arbeitet.<br>Bei&nbsp;COGITA w\u00e4hlen wir Projekte aus, die&nbsp;technisch anspruchsvoll sind und&nbsp;echte Auswirkungen auf das&nbsp;Gesch\u00e4ft haben.<\/p>\n\n\n\n<p>Sie k\u00f6nnen an verschiedenen Arten von&nbsp;KI&#8209;Systemen arbeiten - von&nbsp;LLM-basierten Assistenten bis hin zu datengesteuerten Tools zur&nbsp;Entscheidungsunterst\u00fctzung - und&nbsp;dabei Erfahrungen im&nbsp;gesamten Lebenszyklus der&nbsp;KI&#8209;Entwicklung sammeln.<\/p>\n\n\n\n<h3 class=\"wp-block-heading\"><strong>Anforderungen<\/strong><\/h3>\n\n\n\n<ul class=\"wp-block-list\">\n<li>Zumindest <strong>2 Jahre praktische Erfahrung<\/strong> in maschinellem Lernen oder&nbsp;angewandter KI<\/li>\n\n\n\n<li>Erfahrung mit&nbsp;<strong>ML-\/KI&#8209;Projekte jenseits von&nbsp;Experimenten<\/strong><\/li>\n\n\n\n<li>Teilnahme an <strong>mindestens 1-2 Projekte mit&nbsp;gro\u00dfen Sprachmodellen (LLMs)<\/strong><\/li>\n\n\n\n<li>Solide Programmierkenntnisse und&nbsp;Bereitschaft zum&nbsp;Erlernen von&nbsp;Produktionsverfahren<\/li>\n\n\n\n<li><strong>Flie\u00dfende polnische Sprachkenntnisse (erforderlich)<\/strong><\/li>\n\n\n\n<li>Proaktive Denkweise und&nbsp;F\u00e4higkeit zur&nbsp;Zusammenarbeit in einem&nbsp;Teamumfeld<\/li>\n<\/ul>\n\n\n\n<h3 class=\"wp-block-heading\"><strong>Was wir anbieten<\/strong><\/h3>\n\n\n\n<ul class=\"wp-block-list\">\n<li><strong>100% Fernarbeit<\/strong><\/li>\n\n\n\n<li><strong>Attraktive Verg\u00fctung<\/strong>: 14.000-22.000 PLN\/Monat + MwSt. (B2B), je nach Erfahrung<\/li>\n\n\n\n<li><strong>Internationale Unternehmensprojekte<\/strong><\/li>\n\n\n\n<li><strong>Mentoring durch erfahrene Ingenieure und&nbsp;Forscher<\/strong><\/li>\n\n\n\n<li><strong>Langfristige Zusammenarbeit mit&nbsp;einem&nbsp;klaren Wachstumspfad<\/strong><\/li>\n\n\n\n<li><strong>Attraktiver ESOP<\/strong> - Kapitalbeteiligung f\u00fcr&nbsp;Teammitglieder, die&nbsp;mit&nbsp;dem&nbsp;Unternehmen wachsen und&nbsp;an seinem langfristigen Erfolg teilhaben wollen<\/li>\n<\/ul>\n\n\n\n<p>Wenn Sie \u00fcber das&nbsp;Experimentieren hinauswachsen und&nbsp;lernen m\u00f6chten, wie echte KI&#8209;Systeme entwickelt und&nbsp;eingesetzt werden, w\u00fcrden wir uns freuen, von&nbsp;Ihnen zu h\u00f6ren.<\/p>","protected":false},"excerpt":{"rendered":"<p>We are looking for a Mid ML Engineer who wants to develop practical AI solutions and grow towards building large-scale, production-ready systems used in real business environments. At COGITA, you will work alongside senior engineers and researchers on enterprise AI projects - learning how to take models from experimentation to reliable deployment. Your Role As [&hellip;]<\/p>\n","protected":false},"author":1,"featured_media":0,"parent":52,"menu_order":0,"comment_status":"closed","ping_status":"closed","template":"","meta":{"_acf_changed":false,"footnotes":""},"class_list":["post-2344","page","type-page","status-publish","hentry"],"acf":[],"_links":{"self":[{"href":"https:\/\/cogita.ai\/de\/wp-json\/wp\/v2\/pages\/2344","targetHints":{"allow":["GET"]}}],"collection":[{"href":"https:\/\/cogita.ai\/de\/wp-json\/wp\/v2\/pages"}],"about":[{"href":"https:\/\/cogita.ai\/de\/wp-json\/wp\/v2\/types\/page"}],"author":[{"embeddable":true,"href":"https:\/\/cogita.ai\/de\/wp-json\/wp\/v2\/users\/1"}],"replies":[{"embeddable":true,"href":"https:\/\/cogita.ai\/de\/wp-json\/wp\/v2\/comments?post=2344"}],"version-history":[{"count":2,"href":"https:\/\/cogita.ai\/de\/wp-json\/wp\/v2\/pages\/2344\/revisions"}],"predecessor-version":[{"id":2350,"href":"https:\/\/cogita.ai\/de\/wp-json\/wp\/v2\/pages\/2344\/revisions\/2350"}],"up":[{"embeddable":true,"href":"https:\/\/cogita.ai\/de\/wp-json\/wp\/v2\/pages\/52"}],"wp:attachment":[{"href":"https:\/\/cogita.ai\/de\/wp-json\/wp\/v2\/media?parent=2344"}],"curies":[{"name":"wp","href":"https:\/\/api.w.org\/{rel}","templated":true}]}}