{"id":2337,"date":"2026-04-22T12:53:59","date_gmt":"2026-04-22T10:53:59","guid":{"rendered":"https:\/\/cogita.ai\/?page_id=2337"},"modified":"2026-04-22T13:37:26","modified_gmt":"2026-04-22T11:37:26","slug":"senior-ml-engineer","status":"publish","type":"page","link":"https:\/\/cogita.ai\/de\/careers\/senior-ml-engineer\/","title":{"rendered":"Leitender ML&#8209;Ingenieur"},"content":{"rendered":"<p><strong>Wir suchen einen&nbsp;Senior ML Engineer, der&nbsp;KI&#8209;Systeme f\u00fcr&nbsp;die&nbsp;Praxis entwickeln m\u00f6chte - von&nbsp;fr\u00fchen Prototypen bis hin zu skalierbaren, produktionsreifen L\u00f6sungen, die&nbsp;von&nbsp;Tausenden von&nbsp;Benutzern genutzt werden.<\/strong><\/p>\n\n\n\n<p><strong>Bei&nbsp;COGITA werden Sie an ehrgeizigen KI&#8209;Projekten f\u00fcr&nbsp;Unternehmenskunden arbeiten und&nbsp;dabei angewandte Forschung mit&nbsp;robuster Technik und&nbsp;echten Auswirkungen auf das&nbsp;Gesch\u00e4ft verbinden.<\/strong><\/p>\n\n\n\n<h4 class=\"wp-block-heading\"><strong>Ihre Rolle<\/strong><\/h4>\n\n\n\n<p>Als Senior ML Engineer spielen Sie eine&nbsp;Schl\u00fcsselrolle bei&nbsp;der&nbsp;Entwicklung, dem&nbsp;Aufbau und&nbsp;der&nbsp;Skalierung von&nbsp;KI&#8209;Systemen. Zu Ihren Aufgaben geh\u00f6ren:<\/p>\n\n\n\n<ul class=\"wp-block-list\">\n<li>Entwicklung von&nbsp;<strong>agentenbasierte KI&#8209;Systeme<\/strong> f\u00fcr&nbsp;komplexe, praxisnahe Anwendungsf\u00e4lle<\/li>\n\n\n\n<li>Integration von&nbsp;ML&#8209;L\u00f6sungen mit&nbsp;<strong>analytische Plattformen und&nbsp;interne APIs der&nbsp;Kunden<\/strong><\/li>\n\n\n\n<li>Experimentieren mit&nbsp;ML- und&nbsp;LLM&#8209;Modellen, einschlie\u00dflich <strong>Tuning, Benchmarking, Qualit\u00e4tsbewertung und&nbsp;Reduzierung von&nbsp;Halluzinationen<\/strong><\/li>\n\n\n\n<li>Entwurf und&nbsp;Einsatz von&nbsp;<strong>RAG&#8209;Pipelines<\/strong> zugeschnitten auf Unternehmensdaten und&nbsp;Arbeitsabl\u00e4ufe<\/li>\n\n\n\n<li>Mitgestalten <strong>analytische und&nbsp;entscheidungsunterst\u00fctzende Instrumente<\/strong> die&nbsp;Gesch\u00e4ftsprozesse automatisieren und&nbsp;verbessern<\/li>\n<\/ul>\n\n\n\n<p>Sie werden eng mit&nbsp;anderen leitenden Ingenieuren, Forschern und&nbsp;Projektleitern zusammenarbeiten und&nbsp;sowohl f\u00fcr&nbsp;die&nbsp;technische Qualit\u00e4t als auch f\u00fcr&nbsp;die&nbsp;Lieferung verantwortlich sein.<\/p>\n\n\n\n<h4 class=\"wp-block-heading\"><strong>Wie wir arbeiten<\/strong><\/h4>\n\n\n\n<p>Bei&nbsp;COGITA konzentrieren wir uns auf <strong>langfristige Zusammenarbeit und&nbsp;kontinuierliches Wachstum<\/strong>.<br>Wir w\u00e4hlen die&nbsp;Projekte sorgf\u00e4ltig aus, um sicherzustellen, dass sie technisch anspruchsvoll und&nbsp;sinnvoll sind und&nbsp;mit&nbsp;den&nbsp;Entwicklungszielen unseres Teams \u00fcbereinstimmen.<\/p>\n\n\n\n<p>Unser Projektportfolio ist breit gef\u00e4chert, aber immer auf KI fokussiert.<br>In einem&nbsp;Projekt arbeiten Sie vielleicht an fortgeschrittenem Prompt-Engineering und&nbsp;LLM-basierten Systemen, in einem&nbsp;anderen an der&nbsp;Entwicklung von&nbsp;MLOps-Pipelines f\u00fcr&nbsp;unternehmenskritische Echtzeitumgebungen.<\/p>\n\n\n\n<p>Diese Vielfalt erm\u00f6glicht es Ihnen, in mehreren Dimensionen der&nbsp;modernen KI&#8209;Technik zu wachsen.<\/p>\n\n\n\n<h4 class=\"wp-block-heading\"><strong>Anforderungen<\/strong><\/h4>\n\n\n\n<ul class=\"wp-block-list\">\n<li>Mindestens 5 Jahre praktische Erfahrung im&nbsp;Bereich maschinelles Lernen oder&nbsp;angewandte KI<\/li>\n\n\n\n<li>Nachgewiesene Erfahrung im&nbsp;Einsatz von&nbsp;ML-\/KI&#8209;Systemen in der&nbsp;Produktion<\/li>\n\n\n\n<li>Teilnahme an mindestens 3 Projekten mit&nbsp;gro\u00dfen Sprachmodellen (LLMs)<\/li>\n\n\n\n<li>Ausgepr\u00e4gte softwaretechnische Denkweise und&nbsp;Erfahrung im&nbsp;Umgang mit&nbsp;realen Daten<\/li>\n\n\n\n<li>Flie\u00dfende polnische Sprachkenntnisse (erforderlich)<\/li>\n\n\n\n<li>F\u00e4higkeit, selbst\u00e4ndig zu arbeiten und&nbsp;sich komplexe technische Herausforderungen zu eigen zu machen<\/li>\n<\/ul>\n\n\n\n<h4 class=\"wp-block-heading\"><strong>Was wir anbieten<\/strong><\/h4>\n\n\n\n<ul class=\"wp-block-list\">\n<li>100% Fernarbeit<\/li>\n\n\n\n<li>Attraktive Verg\u00fctung: 25.000-35.000 PLN\/Monat + MwSt. (B2B), je nach Erfahrung<\/li>\n\n\n\n<li>Internationale Unternehmensprojekte<\/li>\n\n\n\n<li>Ein&nbsp;engagiertes Team mit&nbsp;einer&nbsp;starken technischen Kultur<\/li>\n\n\n\n<li>Langfristige Zusammenarbeit und&nbsp;echter Einfluss auf technische Entscheidungen<\/li>\n\n\n\n<li>Attraktives ESOP - ein&nbsp;sinnvolles Aktienbeteiligungsprogramm f\u00fcr&nbsp;langfristige Mitarbeiter, die&nbsp;mit&nbsp;dem&nbsp;Unternehmen wachsen und&nbsp;an seinem Erfolg teilhaben wollen<\/li>\n<\/ul>\n\n\n\n<p>Wenn Sie KI&#8209;Systeme entwickeln wollen, die&nbsp;\u00fcber Demos hinausgehen, und&nbsp;mit&nbsp;einem&nbsp;Team arbeiten m\u00f6chten, das&nbsp;Verantwortung, Klarheit und&nbsp;echte Wirkung sch\u00e4tzt, w\u00fcrden wir uns freuen, mit&nbsp;Ihnen zu sprechen.<\/p>","protected":false},"excerpt":{"rendered":"<p>We are looking for a Senior ML Engineer who wants to build real-world AI systems - from early prototypes to scalable, production-ready solutions used by thousands of users. At COGITA, you will work on ambitious AI projects for enterprise clients, combining applied research with robust engineering and real business impact. Your Role As a Senior [&hellip;]<\/p>\n","protected":false},"author":1,"featured_media":0,"parent":52,"menu_order":0,"comment_status":"closed","ping_status":"closed","template":"","meta":{"_acf_changed":false,"footnotes":""},"class_list":["post-2337","page","type-page","status-publish","hentry"],"acf":[],"_links":{"self":[{"href":"https:\/\/cogita.ai\/de\/wp-json\/wp\/v2\/pages\/2337","targetHints":{"allow":["GET"]}}],"collection":[{"href":"https:\/\/cogita.ai\/de\/wp-json\/wp\/v2\/pages"}],"about":[{"href":"https:\/\/cogita.ai\/de\/wp-json\/wp\/v2\/types\/page"}],"author":[{"embeddable":true,"href":"https:\/\/cogita.ai\/de\/wp-json\/wp\/v2\/users\/1"}],"replies":[{"embeddable":true,"href":"https:\/\/cogita.ai\/de\/wp-json\/wp\/v2\/comments?post=2337"}],"version-history":[{"count":4,"href":"https:\/\/cogita.ai\/de\/wp-json\/wp\/v2\/pages\/2337\/revisions"}],"predecessor-version":[{"id":2351,"href":"https:\/\/cogita.ai\/de\/wp-json\/wp\/v2\/pages\/2337\/revisions\/2351"}],"up":[{"embeddable":true,"href":"https:\/\/cogita.ai\/de\/wp-json\/wp\/v2\/pages\/52"}],"wp:attachment":[{"href":"https:\/\/cogita.ai\/de\/wp-json\/wp\/v2\/media?parent=2337"}],"curies":[{"name":"wp","href":"https:\/\/api.w.org\/{rel}","templated":true}]}}